{"id":2456,"date":"2020-11-24T15:13:26","date_gmt":"2020-11-24T15:13:26","guid":{"rendered":"http:\/\/leblanc.fwsbeta.com\/?post_type=product&#038;p=2456"},"modified":"2026-04-15T22:04:32","modified_gmt":"2026-04-15T22:04:32","slug":"usb-drive","status":"publish","type":"product","link":"https:\/\/laurieleblanc.com\/en\/product\/usb-drive\/","title":{"rendered":"USB (complete collection \u2013 9 albums \u2013 93 songs)"},"content":{"rendered":"<div data-elementor-type=\"product-post\" data-elementor-id=\"2456\" class=\"elementor elementor-2456\" data-elementor-post-type=\"product\">\n\t\t\t\t<div class=\"elementor-element elementor-element-7411835e e-flex e-con-boxed e-con e-parent\" data-id=\"7411835e\" data-element_type=\"container\" data-settings=\"{&quot;jet_parallax_layout_list&quot;:[]}\">\n\t\t\t\t\t<div class=\"e-con-inner\">\n\t\t\t\t<div class=\"elementor-element elementor-element-1fc08b0f elementor-widget elementor-widget-text-editor\" data-id=\"1fc08b0f\" data-element_type=\"widget\" data-widget_type=\"text-editor.default\">\n\t\t\t\t\t\t\t\t\t<p data-start=\"50\" data-end=\"126\"><strong data-start=\"50\" data-end=\"126\">Cl\u00e9 USB (collection compl\u00e8te \u2013 9 albums \u2013 94 chansons de Laurie LeBlanc)<\/strong><\/p><ul data-start=\"128\" data-end=\"582\"><li data-section-id=\"ezvbgp\" data-start=\"128\" data-end=\"191\"><strong data-start=\"130\" data-end=\"148\">D\u2019ici \u00e0 demain<\/strong> \u2013 6 chansons (collaborations \/ fran\u00e7ais)<\/li><li data-section-id=\"sywubw\" data-start=\"192\" data-end=\"248\"><strong data-start=\"194\" data-end=\"210\">for<\/strong> \u2013 12 chansons (fran\u00e7ais et anglais)<\/li><li data-section-id=\"1t5j1kl\" data-start=\"249\" data-end=\"307\"><strong data-start=\"251\" data-end=\"281\">When It&rsquo;s Right It&rsquo;s Right<\/strong> \u2013 10 chansons (anglais)<\/li><li data-section-id=\"jgdiwt\" data-start=\"308\" data-end=\"349\"><strong data-start=\"310\" data-end=\"322\">Couleurs<\/strong> \u2013 10 chansons (fran\u00e7ais)<\/li><li data-section-id=\"1tpacai\" data-start=\"350\" data-end=\"385\"><strong data-start=\"352\" data-end=\"358\">20<\/strong> \u2013 11 chansons (fran\u00e7ais)<\/li><li data-section-id=\"1stgvsz\" data-start=\"386\" data-end=\"448\"><strong data-start=\"388\" data-end=\"410\">No\u00ebl de la Pitoune<\/strong> \u2013 12 chansons (fran\u00e7ais et anglais)<\/li><li data-section-id=\"1dox9fq\" data-start=\"449\" data-end=\"491\"><strong data-start=\"451\" data-end=\"465\">Influences<\/strong> \u2013 11 chansons (anglais)<\/li><li data-section-id=\"10vfepd\" data-start=\"492\" data-end=\"538\"><strong data-start=\"494\" data-end=\"511\">Noir et Blanc<\/strong> \u2013 11 chansons (fran\u00e7ais)<\/li><li data-section-id=\"d26ua0\" data-start=\"539\" data-end=\"582\"><strong data-start=\"541\" data-end=\"555\">La Pitoune<\/strong> \u2013 10 chansons (fran\u00e7ais)<\/li><\/ul><p data-start=\"584\" data-end=\"599\"><strong data-start=\"584\" data-end=\"597\">Singles :<\/strong><\/p><ul data-start=\"600\" data-end=\"646\"><li data-section-id=\"1yf46py\" data-start=\"600\" data-end=\"626\"><em data-start=\"602\" data-end=\"624\">Es-tu par\u00e9 pour No\u00ebl<\/em><\/li><li data-section-id=\"rkzyml\" data-start=\"627\" data-end=\"646\"><em data-start=\"629\" data-end=\"644\">The BBQ Dance<\/em><\/li><\/ul><p><strong><br \/>Purchasing Options \u2013 delivery included :<\/strong><\/p><ul><li style=\"list-style-type: none;\"><ul><li><strong>E-Transfer<\/strong> (album@laurieleblanc.com \/ answer : \u00ab album \u00bb)<\/li><li><strong>Credit Cards, Google Pay, Apple Pay<\/strong> (click on \u00ab Add to cart \u00bb)<em data-start=\"629\" data-end=\"644\"><br \/><\/em><\/li><\/ul><\/li><\/ul>\t\t\t\t\t\t\t\t<\/div>\n\t\t\t\t\t<\/div>\n\t\t\t\t<\/div>\n\t\t\t\t<\/div>","protected":false},"excerpt":{"rendered":"<p>Cl\u00e9 USB (collection compl\u00e8te \u2013 9 albums \u2013 94 chansons de Laurie LeBlanc) D\u2019ici \u00e0 demain \u2013 6 chansons (collaborations \/ fran\u00e7ais) Long Weekend \u2013 12 chansons (fran\u00e7ais et anglais) When It&rsquo;s Right It&rsquo;s Right \u2013 10 chansons (anglais) Couleurs \u2013 10 chansons (fran\u00e7ais) 20 \u2013 11 chansons (fran\u00e7ais) No\u00ebl de la Pitoune \u2013 12 [&hellip;]<\/p>","protected":false},"featured_media":2449,"template":"","meta":[],"product_brand":[],"product_cat":[22],"product_tag":[],"class_list":{"0":"post-2456","1":"product","2":"type-product","3":"status-publish","4":"has-post-thumbnail","6":"product_cat-uncategorized","8":"first","9":"instock","10":"purchasable","11":"product-type-simple"},"yoast_head":"<!-- This site is optimized with the Yoast SEO plugin v27.2 - https:\/\/yoast.com\/product\/yoast-seo-wordpress\/ -->\n<title>Cl\u00e9 USB (collection compl\u00e8te - 9 albums - 93 chansons) - Laurie LeBlanc<\/title>\n<meta name=\"description\" content=\"La cl\u00e9 USB avec les 8 albums et Es-tu par\u00e9 pour No\u00ebl = 88 chansons) de Laurie LeBlanc.\" \/>\n<meta name=\"robots\" content=\"index, follow, max-snippet:-1, max-image-preview:large, max-video-preview:-1\" \/>\n<link rel=\"canonical\" href=\"https:\/\/laurieleblanc.com\/en\/product\/usb-drive\/\" \/>\n<meta property=\"og:locale\" content=\"en_US\" \/>\n<meta property=\"og:type\" content=\"article\" \/>\n<meta property=\"og:title\" content=\"Cl\u00e9 USB (collection compl\u00e8te - 9 albums - 93 chansons) - Laurie LeBlanc\" \/>\n<meta property=\"og:description\" content=\"La cl\u00e9 USB avec les 8 albums et Es-tu par\u00e9 pour No\u00ebl = 88 chansons) de Laurie LeBlanc.\" \/>\n<meta property=\"og:url\" content=\"https:\/\/laurieleblanc.com\/en\/product\/usb-drive\/\" \/>\n<meta property=\"og:site_name\" content=\"Laurie LeBlanc\" \/>\n<meta property=\"article:modified_time\" content=\"2026-04-15T22:04:32+00:00\" \/>\n<meta property=\"og:image\" content=\"https:\/\/laurieleblanc.com\/wp-content\/uploads\/2020\/11\/USB-Laurie-e1606244984994.jpg\" \/>\n\t<meta property=\"og:image:width\" content=\"300\" \/>\n\t<meta property=\"og:image:height\" content=\"298\" \/>\n\t<meta property=\"og:image:type\" content=\"image\/jpeg\" \/>\n<meta name=\"twitter:card\" content=\"summary_large_image\" \/>\n<meta name=\"twitter:label1\" content=\"Est. reading time\" \/>\n\t<meta name=\"twitter:data1\" content=\"1 minute\" \/>\n<script type=\"application\/ld+json\" class=\"yoast-schema-graph\">{\"@context\":\"https:\/\/schema.org\",\"@graph\":[{\"@type\":\"WebPage\",\"@id\":\"https:\/\/laurieleblanc.com\/product\/usb-drive\/\",\"url\":\"https:\/\/laurieleblanc.com\/product\/usb-drive\/\",\"name\":\"Cl\u00e9 USB (collection compl\u00e8te - 9 albums - 93 chansons) - Laurie LeBlanc\",\"isPartOf\":{\"@id\":\"https:\/\/laurieleblanc.com\/#website\"},\"primaryImageOfPage\":{\"@id\":\"https:\/\/laurieleblanc.com\/product\/usb-drive\/#primaryimage\"},\"image\":{\"@id\":\"https:\/\/laurieleblanc.com\/product\/usb-drive\/#primaryimage\"},\"thumbnailUrl\":\"https:\/\/laurieleblanc.com\/wp-content\/uploads\/2020\/11\/USB-Laurie-e1606244984994.jpg\",\"datePublished\":\"2020-11-24T15:13:26+00:00\",\"dateModified\":\"2026-04-15T22:04:32+00:00\",\"description\":\"La cl\u00e9 USB avec les 8 albums et Es-tu par\u00e9 pour No\u00ebl = 88 chansons) de Laurie LeBlanc.\",\"breadcrumb\":{\"@id\":\"https:\/\/laurieleblanc.com\/product\/usb-drive\/#breadcrumb\"},\"inLanguage\":\"en-CA\",\"potentialAction\":[{\"@type\":\"ReadAction\",\"target\":[\"https:\/\/laurieleblanc.com\/product\/usb-drive\/\"]}]},{\"@type\":\"ImageObject\",\"inLanguage\":\"en-CA\",\"@id\":\"https:\/\/laurieleblanc.com\/product\/usb-drive\/#primaryimage\",\"url\":\"https:\/\/laurieleblanc.com\/wp-content\/uploads\/2020\/11\/USB-Laurie-e1606244984994.jpg\",\"contentUrl\":\"https:\/\/laurieleblanc.com\/wp-content\/uploads\/2020\/11\/USB-Laurie-e1606244984994.jpg\",\"width\":300,\"height\":298},{\"@type\":\"BreadcrumbList\",\"@id\":\"https:\/\/laurieleblanc.com\/product\/usb-drive\/#breadcrumb\",\"itemListElement\":[{\"@type\":\"ListItem\",\"position\":1,\"name\":\"Accueil\",\"item\":\"https:\/\/laurieleblanc.com\/\"},{\"@type\":\"ListItem\",\"position\":2,\"name\":\"boutique\",\"item\":\"https:\/\/laurieleblanc.com\/boutique\/\"},{\"@type\":\"ListItem\",\"position\":3,\"name\":\"Cl\u00e9 USB (collection compl\u00e8te &#8211; 9 albums &#8211; 93 chansons)\"}]},{\"@type\":\"WebSite\",\"@id\":\"https:\/\/laurieleblanc.com\/#website\",\"url\":\"https:\/\/laurieleblanc.com\/\",\"name\":\"Laurie LeBlanc\",\"description\":\"R\u00eaver en Couleurs\",\"potentialAction\":[{\"@type\":\"SearchAction\",\"target\":{\"@type\":\"EntryPoint\",\"urlTemplate\":\"https:\/\/laurieleblanc.com\/?s={search_term_string}\"},\"query-input\":{\"@type\":\"PropertyValueSpecification\",\"valueRequired\":true,\"valueName\":\"search_term_string\"}}],\"inLanguage\":\"en-CA\"}]}<\/script>\n<!-- \/ Yoast SEO plugin. -->","yoast_head_json":{"title":"Cl\u00e9 USB (collection compl\u00e8te - 9 albums - 93 chansons) - Laurie LeBlanc","description":"La cl\u00e9 USB avec les 8 albums et Es-tu par\u00e9 pour No\u00ebl = 88 chansons) de Laurie LeBlanc.","robots":{"index":"index","follow":"follow","max-snippet":"max-snippet:-1","max-image-preview":"max-image-preview:large","max-video-preview":"max-video-preview:-1"},"canonical":"https:\/\/laurieleblanc.com\/en\/product\/usb-drive\/","og_locale":"en_US","og_type":"article","og_title":"Cl\u00e9 USB (collection compl\u00e8te - 9 albums - 93 chansons) - Laurie LeBlanc","og_description":"La cl\u00e9 USB avec les 8 albums et Es-tu par\u00e9 pour No\u00ebl = 88 chansons) de Laurie LeBlanc.","og_url":"https:\/\/laurieleblanc.com\/en\/product\/usb-drive\/","og_site_name":"Laurie LeBlanc","article_modified_time":"2026-04-15T22:04:32+00:00","og_image":[{"width":300,"height":298,"url":"https:\/\/laurieleblanc.com\/wp-content\/uploads\/2020\/11\/USB-Laurie-e1606244984994.jpg","type":"image\/jpeg"}],"twitter_card":"summary_large_image","twitter_misc":{"Est. reading time":"1 minute"},"schema":{"@context":"https:\/\/schema.org","@graph":[{"@type":"WebPage","@id":"https:\/\/laurieleblanc.com\/product\/usb-drive\/","url":"https:\/\/laurieleblanc.com\/product\/usb-drive\/","name":"Cl\u00e9 USB (collection compl\u00e8te - 9 albums - 93 chansons) - Laurie LeBlanc","isPartOf":{"@id":"https:\/\/laurieleblanc.com\/#website"},"primaryImageOfPage":{"@id":"https:\/\/laurieleblanc.com\/product\/usb-drive\/#primaryimage"},"image":{"@id":"https:\/\/laurieleblanc.com\/product\/usb-drive\/#primaryimage"},"thumbnailUrl":"https:\/\/laurieleblanc.com\/wp-content\/uploads\/2020\/11\/USB-Laurie-e1606244984994.jpg","datePublished":"2020-11-24T15:13:26+00:00","dateModified":"2026-04-15T22:04:32+00:00","description":"La cl\u00e9 USB avec les 8 albums et Es-tu par\u00e9 pour No\u00ebl = 88 chansons) de Laurie LeBlanc.","breadcrumb":{"@id":"https:\/\/laurieleblanc.com\/product\/usb-drive\/#breadcrumb"},"inLanguage":"en-CA","potentialAction":[{"@type":"ReadAction","target":["https:\/\/laurieleblanc.com\/product\/usb-drive\/"]}]},{"@type":"ImageObject","inLanguage":"en-CA","@id":"https:\/\/laurieleblanc.com\/product\/usb-drive\/#primaryimage","url":"https:\/\/laurieleblanc.com\/wp-content\/uploads\/2020\/11\/USB-Laurie-e1606244984994.jpg","contentUrl":"https:\/\/laurieleblanc.com\/wp-content\/uploads\/2020\/11\/USB-Laurie-e1606244984994.jpg","width":300,"height":298},{"@type":"BreadcrumbList","@id":"https:\/\/laurieleblanc.com\/product\/usb-drive\/#breadcrumb","itemListElement":[{"@type":"ListItem","position":1,"name":"Accueil","item":"https:\/\/laurieleblanc.com\/"},{"@type":"ListItem","position":2,"name":"boutique","item":"https:\/\/laurieleblanc.com\/boutique\/"},{"@type":"ListItem","position":3,"name":"Cl\u00e9 USB (collection compl\u00e8te &#8211; 9 albums &#8211; 93 chansons)"}]},{"@type":"WebSite","@id":"https:\/\/laurieleblanc.com\/#website","url":"https:\/\/laurieleblanc.com\/","name":"LAURIE LEBLANC","description":"R\u00eaver en Couleurs","potentialAction":[{"@type":"SearchAction","target":{"@type":"EntryPoint","urlTemplate":"https:\/\/laurieleblanc.com\/?s={search_term_string}"},"query-input":{"@type":"PropertyValueSpecification","valueRequired":true,"valueName":"search_term_string"}}],"inLanguage":"en-CA"}]}},"_links":{"self":[{"href":"https:\/\/laurieleblanc.com\/en\/wp-json\/wp\/v2\/product\/2456","targetHints":{"allow":["GET"]}}],"collection":[{"href":"https:\/\/laurieleblanc.com\/en\/wp-json\/wp\/v2\/product"}],"about":[{"href":"https:\/\/laurieleblanc.com\/en\/wp-json\/wp\/v2\/types\/product"}],"version-history":[{"count":5,"href":"https:\/\/laurieleblanc.com\/en\/wp-json\/wp\/v2\/product\/2456\/revisions"}],"predecessor-version":[{"id":5754,"href":"https:\/\/laurieleblanc.com\/en\/wp-json\/wp\/v2\/product\/2456\/revisions\/5754"}],"wp:featuredmedia":[{"embeddable":true,"href":"https:\/\/laurieleblanc.com\/en\/wp-json\/wp\/v2\/media\/2449"}],"wp:attachment":[{"href":"https:\/\/laurieleblanc.com\/en\/wp-json\/wp\/v2\/media?parent=2456"}],"wp:term":[{"taxonomy":"product_brand","embeddable":true,"href":"https:\/\/laurieleblanc.com\/en\/wp-json\/wp\/v2\/product_brand?post=2456"},{"taxonomy":"product_cat","embeddable":true,"href":"https:\/\/laurieleblanc.com\/en\/wp-json\/wp\/v2\/product_cat?post=2456"},{"taxonomy":"product_tag","embeddable":true,"href":"https:\/\/laurieleblanc.com\/en\/wp-json\/wp\/v2\/product_tag?post=2456"}],"curies":[{"name":"wp","href":"https:\/\/api.w.org\/{rel}","templated":true}]}}