{"id":2156,"date":"2020-07-30T17:24:39","date_gmt":"2020-07-30T17:24:39","guid":{"rendered":"http:\/\/leblanc.fwsbeta.com\/?post_type=product&#038;p=2156"},"modified":"2026-04-13T13:06:54","modified_gmt":"2026-04-13T13:06:54","slug":"20-2015","status":"publish","type":"product","link":"https:\/\/laurieleblanc.com\/en\/product\/20-2015\/","title":{"rendered":"20"},"content":{"rendered":"<div data-elementor-type=\"product-post\" data-elementor-id=\"2156\" class=\"elementor elementor-2156\" data-elementor-post-type=\"product\">\n\t\t\t\t\t\t<section class=\"elementor-section elementor-top-section elementor-element elementor-element-1d084cdc elementor-section-boxed elementor-section-height-default elementor-section-height-default\" data-id=\"1d084cdc\" data-element_type=\"section\" data-settings=\"{&quot;jet_parallax_layout_list&quot;:[{&quot;jet_parallax_layout_image&quot;:{&quot;url&quot;:&quot;&quot;,&quot;id&quot;:&quot;&quot;,&quot;size&quot;:&quot;&quot;},&quot;_id&quot;:&quot;ba34729&quot;,&quot;jet_parallax_layout_image_tablet&quot;:{&quot;url&quot;:&quot;&quot;,&quot;id&quot;:&quot;&quot;,&quot;size&quot;:&quot;&quot;},&quot;jet_parallax_layout_image_mobile&quot;:{&quot;url&quot;:&quot;&quot;,&quot;id&quot;:&quot;&quot;,&quot;size&quot;:&quot;&quot;},&quot;jet_parallax_layout_speed&quot;:{&quot;unit&quot;:&quot;%&quot;,&quot;size&quot;:50,&quot;sizes&quot;:[]},&quot;jet_parallax_layout_type&quot;:&quot;scroll&quot;,&quot;jet_parallax_layout_direction&quot;:&quot;1&quot;,&quot;jet_parallax_layout_fx_direction&quot;:null,&quot;jet_parallax_layout_z_index&quot;:&quot;&quot;,&quot;jet_parallax_layout_bg_x&quot;:50,&quot;jet_parallax_layout_bg_x_tablet&quot;:&quot;&quot;,&quot;jet_parallax_layout_bg_x_mobile&quot;:&quot;&quot;,&quot;jet_parallax_layout_bg_y&quot;:50,&quot;jet_parallax_layout_bg_y_tablet&quot;:&quot;&quot;,&quot;jet_parallax_layout_bg_y_mobile&quot;:&quot;&quot;,&quot;jet_parallax_layout_bg_size&quot;:&quot;auto&quot;,&quot;jet_parallax_layout_bg_size_tablet&quot;:&quot;&quot;,&quot;jet_parallax_layout_bg_size_mobile&quot;:&quot;&quot;,&quot;jet_parallax_layout_animation_prop&quot;:&quot;transform&quot;,&quot;jet_parallax_layout_on&quot;:[&quot;desktop&quot;,&quot;tablet&quot;]}]}\">\n\t\t\t\t\t\t<div class=\"elementor-container elementor-column-gap-default\">\n\t\t\t\t\t<div class=\"elementor-column elementor-col-100 elementor-top-column elementor-element elementor-element-2ca84614\" data-id=\"2ca84614\" data-element_type=\"column\">\n\t\t\t<div class=\"elementor-widget-wrap elementor-element-populated\">\n\t\t\t\t\t\t<div class=\"elementor-element elementor-element-29812e50 elementor-widget elementor-widget-text-editor\" data-id=\"29812e50\" data-element_type=\"widget\" data-widget_type=\"text-editor.default\">\n\t\t\t\t\t\t\t\t\t<p><span class=\"elementor-icon-list-text\">01 : J&rsquo;ai pas \u00e9t\u00e9 \u00e9lev\u00e9 au five course meals<\/span><\/p><p><span class=\"elementor-icon-list-text\">02 : Moi-itou mojito<\/span><\/p><p><span class=\"elementor-icon-list-text\">03 : Kiddy Kats<\/span><\/p><p><span class=\"elementor-icon-list-text\">04 : Sans toi<\/span><\/p><p><span class=\"elementor-icon-list-text\">05 : 1995<\/span><\/p><p><span class=\"elementor-icon-list-text\">06 : La Poker Run de Saint-Thomas<\/span><\/p><p><span class=\"elementor-icon-list-text\">07 : C\u2019que j\u2019aime about toi<\/span><\/p><p><span class=\"elementor-icon-list-text\">08 : Gone sur un buzz<\/span><\/p><p><span class=\"elementor-icon-list-text\">09 : Voulez-vous chanter ?<\/span><\/p><p><span class=\"elementor-icon-list-text\">10 : Country Star<\/span><\/p><p><span class=\"elementor-icon-list-text\">10 : Emma<\/span><\/p><p><span class=\"elementor-icon-list-text\">\u00a0<\/span><\/p><p data-start=\"653\" data-end=\"696\"><strong data-start=\"653\" data-end=\"694\">Purchasing Options \u2013 delivery included :<\/strong><\/p><ul data-start=\"697\" data-end=\"843\"><li data-section-id=\"1iz0372\" data-start=\"697\" data-end=\"769\"><strong data-start=\"699\" data-end=\"719\">E-Transfer<\/strong> (<a class=\"decorated-link cursor-pointer\" rel=\"noopener\" data-start=\"721\" data-end=\"744\">album@laurieleblanc.com<\/a> \/ r\u00e9ponse : \u00ab album \u00bb)<\/li><li data-section-id=\"1a8aayh\" data-start=\"770\" data-end=\"843\"><strong data-start=\"786\" data-end=\"805\">Credit Cards, Google Pay, Apple Pay<\/strong> (click on \u00ab Add to cart \u00bb)<\/li><\/ul>\t\t\t\t\t\t\t\t<\/div>\n\t\t\t\t\t<\/div>\n\t\t<\/div>\n\t\t\t\t\t<\/div>\n\t\t<\/section>\n\t\t\t\t<\/div>","protected":false},"excerpt":{"rendered":"<p>01 : J&rsquo;ai pas \u00e9t\u00e9 \u00e9lev\u00e9 au five course meals 02 : Moi-itou mojito 03 : Kiddy Kats 04 : Sans toi 05 : 1995 06: La Poker Run de Saint-Thomas 07: C&rsquo;que j&rsquo;aime about toi 08: Gone sur un buzz 09 : Voulez-vous chanter ? 10 : Country Star 10 : Emma \u00a0 Options [&hellip;]<\/p>","protected":false},"featured_media":733,"template":"","meta":[],"product_brand":[],"product_cat":[22],"product_tag":[],"class_list":{"0":"post-2156","1":"product","2":"type-product","3":"status-publish","4":"has-post-thumbnail","6":"product_cat-uncategorized","8":"first","9":"instock","10":"taxable","11":"shipping-taxable","12":"purchasable","13":"product-type-simple"},"yoast_head":"<!-- This site is optimized with the Yoast SEO plugin v27.2 - https:\/\/yoast.com\/product\/yoast-seo-wordpress\/ -->\n<title>20 - Laurie LeBlanc<\/title>\n<meta name=\"description\" content=\"Le 5e album de Laurie LeBlanc &quot;20&quot; sortie en 2015.\" \/>\n<meta name=\"robots\" content=\"index, follow, max-snippet:-1, max-image-preview:large, max-video-preview:-1\" \/>\n<link rel=\"canonical\" href=\"https:\/\/laurieleblanc.com\/en\/product\/20-2015\/\" \/>\n<meta property=\"og:locale\" content=\"en_US\" \/>\n<meta property=\"og:type\" content=\"article\" \/>\n<meta property=\"og:title\" content=\"20 - Laurie LeBlanc\" \/>\n<meta property=\"og:description\" content=\"Le 5e album de Laurie LeBlanc &quot;20&quot; sortie en 2015.\" \/>\n<meta property=\"og:url\" content=\"https:\/\/laurieleblanc.com\/en\/product\/20-2015\/\" \/>\n<meta property=\"og:site_name\" content=\"Laurie LeBlanc\" \/>\n<meta property=\"article:modified_time\" content=\"2026-04-13T13:06:54+00:00\" \/>\n<meta property=\"og:image\" content=\"https:\/\/laurieleblanc.com\/wp-content\/uploads\/2020\/01\/album-20-2015-Laurie-LeBlanc-high-res-1.jpg\" \/>\n\t<meta property=\"og:image:width\" content=\"500\" \/>\n\t<meta property=\"og:image:height\" content=\"500\" \/>\n\t<meta property=\"og:image:type\" content=\"image\/jpeg\" \/>\n<meta name=\"twitter:card\" content=\"summary_large_image\" \/>\n<script type=\"application\/ld+json\" class=\"yoast-schema-graph\">{\"@context\":\"https:\/\/schema.org\",\"@graph\":[{\"@type\":\"WebPage\",\"@id\":\"https:\/\/laurieleblanc.com\/product\/20-2015\/\",\"url\":\"https:\/\/laurieleblanc.com\/product\/20-2015\/\",\"name\":\"20 - Laurie LeBlanc\",\"isPartOf\":{\"@id\":\"https:\/\/laurieleblanc.com\/#website\"},\"primaryImageOfPage\":{\"@id\":\"https:\/\/laurieleblanc.com\/product\/20-2015\/#primaryimage\"},\"image\":{\"@id\":\"https:\/\/laurieleblanc.com\/product\/20-2015\/#primaryimage\"},\"thumbnailUrl\":\"https:\/\/laurieleblanc.com\/wp-content\/uploads\/2020\/01\/album-20-2015-Laurie-LeBlanc-high-res-1.jpg\",\"datePublished\":\"2020-07-30T17:24:39+00:00\",\"dateModified\":\"2026-04-13T13:06:54+00:00\",\"description\":\"Le 5e album de Laurie LeBlanc \\\"20\\\" sortie en 2015.\",\"breadcrumb\":{\"@id\":\"https:\/\/laurieleblanc.com\/product\/20-2015\/#breadcrumb\"},\"inLanguage\":\"en-CA\",\"potentialAction\":[{\"@type\":\"ReadAction\",\"target\":[\"https:\/\/laurieleblanc.com\/product\/20-2015\/\"]}]},{\"@type\":\"ImageObject\",\"inLanguage\":\"en-CA\",\"@id\":\"https:\/\/laurieleblanc.com\/product\/20-2015\/#primaryimage\",\"url\":\"https:\/\/laurieleblanc.com\/wp-content\/uploads\/2020\/01\/album-20-2015-Laurie-LeBlanc-high-res-1.jpg\",\"contentUrl\":\"https:\/\/laurieleblanc.com\/wp-content\/uploads\/2020\/01\/album-20-2015-Laurie-LeBlanc-high-res-1.jpg\",\"width\":500,\"height\":500},{\"@type\":\"BreadcrumbList\",\"@id\":\"https:\/\/laurieleblanc.com\/product\/20-2015\/#breadcrumb\",\"itemListElement\":[{\"@type\":\"ListItem\",\"position\":1,\"name\":\"Accueil\",\"item\":\"https:\/\/laurieleblanc.com\/\"},{\"@type\":\"ListItem\",\"position\":2,\"name\":\"boutique\",\"item\":\"https:\/\/laurieleblanc.com\/boutique\/\"},{\"@type\":\"ListItem\",\"position\":3,\"name\":\"20\"}]},{\"@type\":\"WebSite\",\"@id\":\"https:\/\/laurieleblanc.com\/#website\",\"url\":\"https:\/\/laurieleblanc.com\/\",\"name\":\"Laurie LeBlanc\",\"description\":\"R\u00eaver en Couleurs\",\"potentialAction\":[{\"@type\":\"SearchAction\",\"target\":{\"@type\":\"EntryPoint\",\"urlTemplate\":\"https:\/\/laurieleblanc.com\/?s={search_term_string}\"},\"query-input\":{\"@type\":\"PropertyValueSpecification\",\"valueRequired\":true,\"valueName\":\"search_term_string\"}}],\"inLanguage\":\"en-CA\"}]}<\/script>\n<!-- \/ Yoast SEO plugin. -->","yoast_head_json":{"title":"20 - Laurie LeBlanc","description":"Le 5e album de Laurie LeBlanc \"20\" sortie en 2015.","robots":{"index":"index","follow":"follow","max-snippet":"max-snippet:-1","max-image-preview":"max-image-preview:large","max-video-preview":"max-video-preview:-1"},"canonical":"https:\/\/laurieleblanc.com\/en\/product\/20-2015\/","og_locale":"en_US","og_type":"article","og_title":"20 - Laurie LeBlanc","og_description":"Le 5e album de Laurie LeBlanc \"20\" sortie en 2015.","og_url":"https:\/\/laurieleblanc.com\/en\/product\/20-2015\/","og_site_name":"Laurie LeBlanc","article_modified_time":"2026-04-13T13:06:54+00:00","og_image":[{"width":500,"height":500,"url":"https:\/\/laurieleblanc.com\/wp-content\/uploads\/2020\/01\/album-20-2015-Laurie-LeBlanc-high-res-1.jpg","type":"image\/jpeg"}],"twitter_card":"summary_large_image","schema":{"@context":"https:\/\/schema.org","@graph":[{"@type":"WebPage","@id":"https:\/\/laurieleblanc.com\/product\/20-2015\/","url":"https:\/\/laurieleblanc.com\/product\/20-2015\/","name":"20 - Laurie LeBlanc","isPartOf":{"@id":"https:\/\/laurieleblanc.com\/#website"},"primaryImageOfPage":{"@id":"https:\/\/laurieleblanc.com\/product\/20-2015\/#primaryimage"},"image":{"@id":"https:\/\/laurieleblanc.com\/product\/20-2015\/#primaryimage"},"thumbnailUrl":"https:\/\/laurieleblanc.com\/wp-content\/uploads\/2020\/01\/album-20-2015-Laurie-LeBlanc-high-res-1.jpg","datePublished":"2020-07-30T17:24:39+00:00","dateModified":"2026-04-13T13:06:54+00:00","description":"Le 5e album de Laurie LeBlanc \"20\" sortie en 2015.","breadcrumb":{"@id":"https:\/\/laurieleblanc.com\/product\/20-2015\/#breadcrumb"},"inLanguage":"en-CA","potentialAction":[{"@type":"ReadAction","target":["https:\/\/laurieleblanc.com\/product\/20-2015\/"]}]},{"@type":"ImageObject","inLanguage":"en-CA","@id":"https:\/\/laurieleblanc.com\/product\/20-2015\/#primaryimage","url":"https:\/\/laurieleblanc.com\/wp-content\/uploads\/2020\/01\/album-20-2015-Laurie-LeBlanc-high-res-1.jpg","contentUrl":"https:\/\/laurieleblanc.com\/wp-content\/uploads\/2020\/01\/album-20-2015-Laurie-LeBlanc-high-res-1.jpg","width":500,"height":500},{"@type":"BreadcrumbList","@id":"https:\/\/laurieleblanc.com\/product\/20-2015\/#breadcrumb","itemListElement":[{"@type":"ListItem","position":1,"name":"Accueil","item":"https:\/\/laurieleblanc.com\/"},{"@type":"ListItem","position":2,"name":"boutique","item":"https:\/\/laurieleblanc.com\/boutique\/"},{"@type":"ListItem","position":3,"name":"20"}]},{"@type":"WebSite","@id":"https:\/\/laurieleblanc.com\/#website","url":"https:\/\/laurieleblanc.com\/","name":"LAURIE LEBLANC","description":"R\u00eaver en Couleurs","potentialAction":[{"@type":"SearchAction","target":{"@type":"EntryPoint","urlTemplate":"https:\/\/laurieleblanc.com\/?s={search_term_string}"},"query-input":{"@type":"PropertyValueSpecification","valueRequired":true,"valueName":"search_term_string"}}],"inLanguage":"en-CA"}]}},"_links":{"self":[{"href":"https:\/\/laurieleblanc.com\/en\/wp-json\/wp\/v2\/product\/2156","targetHints":{"allow":["GET"]}}],"collection":[{"href":"https:\/\/laurieleblanc.com\/en\/wp-json\/wp\/v2\/product"}],"about":[{"href":"https:\/\/laurieleblanc.com\/en\/wp-json\/wp\/v2\/types\/product"}],"version-history":[{"count":5,"href":"https:\/\/laurieleblanc.com\/en\/wp-json\/wp\/v2\/product\/2156\/revisions"}],"predecessor-version":[{"id":5718,"href":"https:\/\/laurieleblanc.com\/en\/wp-json\/wp\/v2\/product\/2156\/revisions\/5718"}],"wp:featuredmedia":[{"embeddable":true,"href":"https:\/\/laurieleblanc.com\/en\/wp-json\/wp\/v2\/media\/733"}],"wp:attachment":[{"href":"https:\/\/laurieleblanc.com\/en\/wp-json\/wp\/v2\/media?parent=2156"}],"wp:term":[{"taxonomy":"product_brand","embeddable":true,"href":"https:\/\/laurieleblanc.com\/en\/wp-json\/wp\/v2\/product_brand?post=2156"},{"taxonomy":"product_cat","embeddable":true,"href":"https:\/\/laurieleblanc.com\/en\/wp-json\/wp\/v2\/product_cat?post=2156"},{"taxonomy":"product_tag","embeddable":true,"href":"https:\/\/laurieleblanc.com\/en\/wp-json\/wp\/v2\/product_tag?post=2156"}],"curies":[{"name":"wp","href":"https:\/\/api.w.org\/{rel}","templated":true}]}}