{"id":2152,"date":"2020-07-30T17:21:34","date_gmt":"2020-07-30T17:21:34","guid":{"rendered":"http:\/\/leblanc.fwsbeta.com\/?post_type=product&#038;p=2152"},"modified":"2026-04-13T13:07:32","modified_gmt":"2026-04-13T13:07:32","slug":"couleurs","status":"publish","type":"product","link":"https:\/\/laurieleblanc.com\/en\/product\/couleurs\/","title":{"rendered":"Couleurs"},"content":{"rendered":"<p><span class=\"elementor-icon-list-text\">01 : C\u2019est Rock &amp; Roll<\/span><\/p>\n<p><span class=\"elementor-icon-list-text\">02 : Prends le temps<\/span><\/p>\n<p><span class=\"elementor-icon-list-text\">03 : G\u00e9n\u00e9rations (du vinyle au streaming)<\/span><\/p>\n<p><span class=\"elementor-icon-list-text\">04 : R\u00eaver en couleurs<\/span><\/p>\n<p><span class=\"elementor-icon-list-text\">05 : G.O.G.O. (Give One Get One)<\/span><\/p>\n<p><span class=\"elementor-icon-list-text\">06 : VIP<\/span><\/p>\n<p><span class=\"elementor-icon-list-text\">07 : Juge-moi pas<\/span><\/p>\n<p><span class=\"elementor-icon-list-text\">08 : Country Reggae<\/span><\/p>\n<p><span class=\"elementor-icon-list-text\">09 : l\u2019argent<\/span><\/p>\n<p><span class=\"elementor-icon-list-text\">10 : D\u00e9connecter pour connecter<\/span><\/p>\n<p>&nbsp;<\/p>\n<p data-start=\"653\" data-end=\"696\"><strong data-start=\"653\" data-end=\"694\">Purchasing Options \u2013 delivery included :<\/strong><\/p>\n<ul data-start=\"697\" data-end=\"843\">\n<li data-section-id=\"1iz0372\" data-start=\"697\" data-end=\"769\"><strong data-start=\"699\" data-end=\"719\">E-Transfer<\/strong> (<a class=\"decorated-link cursor-pointer\" rel=\"noopener\" data-start=\"721\" data-end=\"744\">album@laurieleblanc.com<\/a> \/ r\u00e9ponse : \u00ab album \u00bb)<\/li>\n<li data-section-id=\"1a8aayh\" data-start=\"770\" data-end=\"843\"><strong data-start=\"786\" data-end=\"805\">Credit Cards, Google Pay, Apple Pay<\/strong> (click on \u00ab Add to cart \u00bb)<\/li>\n<\/ul>","protected":false},"excerpt":{"rendered":"<p>01 : C\u2019est Rock &amp; Roll 02 : Prends le temps 03 : G\u00e9n\u00e9rations (du vinyle au streaming) 04 : R\u00eaver en couleurs 05 : G.O.G.O. (Give One Get One) 06: VIP 07: Juge-moi pas 08: Country Reggae 09 : l\u2019argent 10 : D\u00e9connecter pour connecter &nbsp; Options d\u2019achat \u2013 livraison incluse : Virement Interac [&hellip;]<\/p>","protected":false},"featured_media":734,"template":"","meta":[],"product_brand":[],"product_cat":[22],"product_tag":[],"class_list":{"0":"post-2152","1":"product","2":"type-product","3":"status-publish","4":"has-post-thumbnail","6":"product_cat-uncategorized","8":"first","9":"instock","10":"taxable","11":"shipping-taxable","12":"purchasable","13":"product-type-simple"},"yoast_head":"<!-- This site is optimized with the Yoast SEO plugin v27.2 - https:\/\/yoast.com\/product\/yoast-seo-wordpress\/ -->\n<title>Couleurs - Laurie LeBlanc<\/title>\n<meta name=\"description\" content=\"Le 6e album de Laurie LeBlanc &quot;Couleurs&quot; sortie en 2018.\" \/>\n<meta name=\"robots\" content=\"index, follow, max-snippet:-1, max-image-preview:large, max-video-preview:-1\" \/>\n<link rel=\"canonical\" href=\"https:\/\/laurieleblanc.com\/en\/product\/couleurs\/\" \/>\n<meta property=\"og:locale\" content=\"en_US\" \/>\n<meta property=\"og:type\" content=\"article\" \/>\n<meta property=\"og:title\" content=\"Couleurs - Laurie LeBlanc\" \/>\n<meta property=\"og:description\" content=\"Le 6e album de Laurie LeBlanc &quot;Couleurs&quot; sortie en 2018.\" \/>\n<meta property=\"og:url\" content=\"https:\/\/laurieleblanc.com\/en\/product\/couleurs\/\" \/>\n<meta property=\"og:site_name\" content=\"Laurie LeBlanc\" \/>\n<meta property=\"article:modified_time\" content=\"2026-04-13T13:07:32+00:00\" \/>\n<meta property=\"og:image\" content=\"https:\/\/laurieleblanc.com\/wp-content\/uploads\/2020\/01\/Album-Couleurs-2018-Laurie-LeBlanc-2.jpg\" \/>\n\t<meta property=\"og:image:width\" content=\"500\" \/>\n\t<meta property=\"og:image:height\" content=\"500\" \/>\n\t<meta property=\"og:image:type\" content=\"image\/jpeg\" \/>\n<meta name=\"twitter:card\" content=\"summary_large_image\" \/>\n<meta name=\"twitter:label1\" content=\"Est. reading time\" \/>\n\t<meta name=\"twitter:data1\" content=\"1 minute\" \/>\n<script type=\"application\/ld+json\" class=\"yoast-schema-graph\">{\"@context\":\"https:\/\/schema.org\",\"@graph\":[{\"@type\":\"WebPage\",\"@id\":\"https:\/\/laurieleblanc.com\/product\/couleurs\/\",\"url\":\"https:\/\/laurieleblanc.com\/product\/couleurs\/\",\"name\":\"Couleurs - Laurie LeBlanc\",\"isPartOf\":{\"@id\":\"https:\/\/laurieleblanc.com\/#website\"},\"primaryImageOfPage\":{\"@id\":\"https:\/\/laurieleblanc.com\/product\/couleurs\/#primaryimage\"},\"image\":{\"@id\":\"https:\/\/laurieleblanc.com\/product\/couleurs\/#primaryimage\"},\"thumbnailUrl\":\"https:\/\/laurieleblanc.com\/wp-content\/uploads\/2020\/01\/Album-Couleurs-2018-Laurie-LeBlanc-2.jpg\",\"datePublished\":\"2020-07-30T17:21:34+00:00\",\"dateModified\":\"2026-04-13T13:07:32+00:00\",\"description\":\"Le 6e album de Laurie LeBlanc \\\"Couleurs\\\" sortie en 2018.\",\"breadcrumb\":{\"@id\":\"https:\/\/laurieleblanc.com\/product\/couleurs\/#breadcrumb\"},\"inLanguage\":\"en-CA\",\"potentialAction\":[{\"@type\":\"ReadAction\",\"target\":[\"https:\/\/laurieleblanc.com\/product\/couleurs\/\"]}]},{\"@type\":\"ImageObject\",\"inLanguage\":\"en-CA\",\"@id\":\"https:\/\/laurieleblanc.com\/product\/couleurs\/#primaryimage\",\"url\":\"https:\/\/laurieleblanc.com\/wp-content\/uploads\/2020\/01\/Album-Couleurs-2018-Laurie-LeBlanc-2.jpg\",\"contentUrl\":\"https:\/\/laurieleblanc.com\/wp-content\/uploads\/2020\/01\/Album-Couleurs-2018-Laurie-LeBlanc-2.jpg\",\"width\":500,\"height\":500},{\"@type\":\"BreadcrumbList\",\"@id\":\"https:\/\/laurieleblanc.com\/product\/couleurs\/#breadcrumb\",\"itemListElement\":[{\"@type\":\"ListItem\",\"position\":1,\"name\":\"Accueil\",\"item\":\"https:\/\/laurieleblanc.com\/\"},{\"@type\":\"ListItem\",\"position\":2,\"name\":\"boutique\",\"item\":\"https:\/\/laurieleblanc.com\/boutique\/\"},{\"@type\":\"ListItem\",\"position\":3,\"name\":\"Couleurs\"}]},{\"@type\":\"WebSite\",\"@id\":\"https:\/\/laurieleblanc.com\/#website\",\"url\":\"https:\/\/laurieleblanc.com\/\",\"name\":\"Laurie LeBlanc\",\"description\":\"R\u00eaver en Couleurs\",\"potentialAction\":[{\"@type\":\"SearchAction\",\"target\":{\"@type\":\"EntryPoint\",\"urlTemplate\":\"https:\/\/laurieleblanc.com\/?s={search_term_string}\"},\"query-input\":{\"@type\":\"PropertyValueSpecification\",\"valueRequired\":true,\"valueName\":\"search_term_string\"}}],\"inLanguage\":\"en-CA\"}]}<\/script>\n<!-- \/ Yoast SEO plugin. -->","yoast_head_json":{"title":"Couleurs - Laurie LeBlanc","description":"Le 6e album de Laurie LeBlanc \"Couleurs\" sortie en 2018.","robots":{"index":"index","follow":"follow","max-snippet":"max-snippet:-1","max-image-preview":"max-image-preview:large","max-video-preview":"max-video-preview:-1"},"canonical":"https:\/\/laurieleblanc.com\/en\/product\/couleurs\/","og_locale":"en_US","og_type":"article","og_title":"Couleurs - Laurie LeBlanc","og_description":"Le 6e album de Laurie LeBlanc \"Couleurs\" sortie en 2018.","og_url":"https:\/\/laurieleblanc.com\/en\/product\/couleurs\/","og_site_name":"Laurie LeBlanc","article_modified_time":"2026-04-13T13:07:32+00:00","og_image":[{"width":500,"height":500,"url":"https:\/\/laurieleblanc.com\/wp-content\/uploads\/2020\/01\/Album-Couleurs-2018-Laurie-LeBlanc-2.jpg","type":"image\/jpeg"}],"twitter_card":"summary_large_image","twitter_misc":{"Est. reading time":"1 minute"},"schema":{"@context":"https:\/\/schema.org","@graph":[{"@type":"WebPage","@id":"https:\/\/laurieleblanc.com\/product\/couleurs\/","url":"https:\/\/laurieleblanc.com\/product\/couleurs\/","name":"Couleurs - Laurie LeBlanc","isPartOf":{"@id":"https:\/\/laurieleblanc.com\/#website"},"primaryImageOfPage":{"@id":"https:\/\/laurieleblanc.com\/product\/couleurs\/#primaryimage"},"image":{"@id":"https:\/\/laurieleblanc.com\/product\/couleurs\/#primaryimage"},"thumbnailUrl":"https:\/\/laurieleblanc.com\/wp-content\/uploads\/2020\/01\/Album-Couleurs-2018-Laurie-LeBlanc-2.jpg","datePublished":"2020-07-30T17:21:34+00:00","dateModified":"2026-04-13T13:07:32+00:00","description":"Le 6e album de Laurie LeBlanc \"Couleurs\" sortie en 2018.","breadcrumb":{"@id":"https:\/\/laurieleblanc.com\/product\/couleurs\/#breadcrumb"},"inLanguage":"en-CA","potentialAction":[{"@type":"ReadAction","target":["https:\/\/laurieleblanc.com\/product\/couleurs\/"]}]},{"@type":"ImageObject","inLanguage":"en-CA","@id":"https:\/\/laurieleblanc.com\/product\/couleurs\/#primaryimage","url":"https:\/\/laurieleblanc.com\/wp-content\/uploads\/2020\/01\/Album-Couleurs-2018-Laurie-LeBlanc-2.jpg","contentUrl":"https:\/\/laurieleblanc.com\/wp-content\/uploads\/2020\/01\/Album-Couleurs-2018-Laurie-LeBlanc-2.jpg","width":500,"height":500},{"@type":"BreadcrumbList","@id":"https:\/\/laurieleblanc.com\/product\/couleurs\/#breadcrumb","itemListElement":[{"@type":"ListItem","position":1,"name":"Accueil","item":"https:\/\/laurieleblanc.com\/"},{"@type":"ListItem","position":2,"name":"boutique","item":"https:\/\/laurieleblanc.com\/boutique\/"},{"@type":"ListItem","position":3,"name":"Couleurs"}]},{"@type":"WebSite","@id":"https:\/\/laurieleblanc.com\/#website","url":"https:\/\/laurieleblanc.com\/","name":"LAURIE LEBLANC","description":"R\u00eaver en Couleurs","potentialAction":[{"@type":"SearchAction","target":{"@type":"EntryPoint","urlTemplate":"https:\/\/laurieleblanc.com\/?s={search_term_string}"},"query-input":{"@type":"PropertyValueSpecification","valueRequired":true,"valueName":"search_term_string"}}],"inLanguage":"en-CA"}]}},"_links":{"self":[{"href":"https:\/\/laurieleblanc.com\/en\/wp-json\/wp\/v2\/product\/2152","targetHints":{"allow":["GET"]}}],"collection":[{"href":"https:\/\/laurieleblanc.com\/en\/wp-json\/wp\/v2\/product"}],"about":[{"href":"https:\/\/laurieleblanc.com\/en\/wp-json\/wp\/v2\/types\/product"}],"version-history":[{"count":5,"href":"https:\/\/laurieleblanc.com\/en\/wp-json\/wp\/v2\/product\/2152\/revisions"}],"predecessor-version":[{"id":5719,"href":"https:\/\/laurieleblanc.com\/en\/wp-json\/wp\/v2\/product\/2152\/revisions\/5719"}],"wp:featuredmedia":[{"embeddable":true,"href":"https:\/\/laurieleblanc.com\/en\/wp-json\/wp\/v2\/media\/734"}],"wp:attachment":[{"href":"https:\/\/laurieleblanc.com\/en\/wp-json\/wp\/v2\/media?parent=2152"}],"wp:term":[{"taxonomy":"product_brand","embeddable":true,"href":"https:\/\/laurieleblanc.com\/en\/wp-json\/wp\/v2\/product_brand?post=2152"},{"taxonomy":"product_cat","embeddable":true,"href":"https:\/\/laurieleblanc.com\/en\/wp-json\/wp\/v2\/product_cat?post=2152"},{"taxonomy":"product_tag","embeddable":true,"href":"https:\/\/laurieleblanc.com\/en\/wp-json\/wp\/v2\/product_tag?post=2152"}],"curies":[{"name":"wp","href":"https:\/\/api.w.org\/{rel}","templated":true}]}}